{"id":686,"date":"2016-07-18T11:56:51","date_gmt":"2016-07-18T09:56:51","guid":{"rendered":"http:\/\/www.apeg.eu\/de\/inscription\/"},"modified":"2024-01-15T15:32:00","modified_gmt":"2024-01-15T14:32:00","slug":"inscription","status":"publish","type":"page","link":"https:\/\/www.apeg.eu\/de\/inscription\/","title":{"rendered":"Mitglied werden"},"content":{"rendered":"<p>[et_pb_section fb_built=&#8220;1&#8243; inner_shadow=&#8220;on&#8220; fullwidth=&#8220;on&#8220; custom_padding_last_edited=&#8220;on|desktop&#8220; _builder_version=&#8220;4.16&#8243; background_color=&#8220;#ffffff&#8220; custom_padding_tablet=&#8220;50px|0|50px|0&#8243; custom_padding_phone=&#8220;&#8220; transparent_background=&#8220;off&#8220; padding_mobile=&#8220;off&#8220; make_fullwidth=&#8220;off&#8220; use_custom_width=&#8220;off&#8220; width_unit=&#8220;on&#8220; global_colors_info=&#8220;{}&#8220;][et_pb_fullwidth_slider _builder_version=&#8220;4.16&#8243; custom_padding=&#8220;|||&#8220; custom_padding_tablet=&#8220;|||&#8220; custom_padding_phone=&#8220;|||&#8220; box_shadow_style=&#8220;preset6&#8243; box_shadow_blur=&#8220;10px&#8220; box_shadow_color=&#8220;rgba(0,0,0,0.1)&#8220; button_letter_spacing_hover=&#8220;0&#8243; remove_inner_shadow=&#8220;off&#8220; hide_content_on_mobile=&#8220;off&#8220; hide_cta_on_mobile=&#8220;off&#8220; show_inner_shadow=&#8220;on&#8220; global_colors_info=&#8220;{}&#8220; button_text_size__hover_enabled=&#8220;off&#8220; button_one_text_size__hover_enabled=&#8220;off&#8220; button_two_text_size__hover_enabled=&#8220;off&#8220; button_text_color__hover_enabled=&#8220;off&#8220; button_one_text_color__hover_enabled=&#8220;off&#8220; button_two_text_color__hover_enabled=&#8220;off&#8220; button_border_width__hover_enabled=&#8220;off&#8220; button_one_border_width__hover_enabled=&#8220;off&#8220; button_two_border_width__hover_enabled=&#8220;off&#8220; button_border_color__hover_enabled=&#8220;off&#8220; button_one_border_color__hover_enabled=&#8220;off&#8220; button_two_border_color__hover_enabled=&#8220;off&#8220; button_border_radius__hover_enabled=&#8220;off&#8220; button_one_border_radius__hover_enabled=&#8220;off&#8220; button_two_border_radius__hover_enabled=&#8220;off&#8220; button_letter_spacing__hover_enabled=&#8220;on&#8220; button_letter_spacing__hover=&#8220;0&#8243; button_one_letter_spacing__hover_enabled=&#8220;off&#8220; button_two_letter_spacing__hover_enabled=&#8220;off&#8220; button_bg_color__hover_enabled=&#8220;off&#8220; button_one_bg_color__hover_enabled=&#8220;off&#8220; button_two_bg_color__hover_enabled=&#8220;off&#8220;][et_pb_slide heading=&#8220;Einschreibung&#8220; use_bg_overlay=&#8220;off&#8220; use_text_overlay=&#8220;off&#8220; _builder_version=&#8220;4.16&#8243; header_font=&#8220;||||&#8220; body_font=&#8220;||||&#8220; background_color=&#8220;#ffffff&#8220; background_image=&#8220;https:\/\/www.apeg.eu\/wp-content\/uploads\/2016\/07\/apeg-fond-1.jpg&#8220; button_icon_placement=&#8220;right&#8220; button_on_hover=&#8220;on&#8220; background_layout=&#8220;light&#8220; global_colors_info=&#8220;{}&#8220; button_text_size__hover_enabled=&#8220;off&#8220; button_one_text_size__hover_enabled=&#8220;off&#8220; button_two_text_size__hover_enabled=&#8220;off&#8220; button_text_color__hover_enabled=&#8220;off&#8220; button_one_text_color__hover_enabled=&#8220;off&#8220; button_two_text_color__hover_enabled=&#8220;off&#8220; button_border_width__hover_enabled=&#8220;off&#8220; button_one_border_width__hover_enabled=&#8220;off&#8220; button_two_border_width__hover_enabled=&#8220;off&#8220; button_border_color__hover_enabled=&#8220;off&#8220; button_one_border_color__hover_enabled=&#8220;off&#8220; button_two_border_color__hover_enabled=&#8220;off&#8220; button_border_radius__hover_enabled=&#8220;off&#8220; button_one_border_radius__hover_enabled=&#8220;off&#8220; button_two_border_radius__hover_enabled=&#8220;off&#8220; button_letter_spacing__hover_enabled=&#8220;off&#8220; button_one_letter_spacing__hover_enabled=&#8220;off&#8220; button_two_letter_spacing__hover_enabled=&#8220;off&#8220; button_bg_color__hover_enabled=&#8220;off&#8220; button_one_bg_color__hover_enabled=&#8220;off&#8220; button_two_bg_color__hover_enabled=&#8220;off&#8220; sticky_transition=&#8220;on&#8220;]Grundschule, Mittel- und Oberstufe<br \/>\n[\/et_pb_slide][\/et_pb_fullwidth_slider][\/et_pb_section][et_pb_section fb_built=&#8220;1&#8243; _builder_version=&#8220;4.16&#8243; global_colors_info=&#8220;{}&#8220;][et_pb_row _builder_version=&#8220;4.16&#8243; background_size=&#8220;initial&#8220; background_position=&#8220;top_left&#8220; background_repeat=&#8220;repeat&#8220; global_colors_info=&#8220;{}&#8220;][et_pb_column type=&#8220;4_4&#8243; _builder_version=&#8220;4.16&#8243; custom_padding=&#8220;|||&#8220; global_colors_info=&#8220;{}&#8220; custom_padding__hover=&#8220;|||&#8220;][et_pb_text _builder_version=&#8220;4.16&#8243; background_size=&#8220;initial&#8220; background_position=&#8220;top_left&#8220; background_repeat=&#8220;repeat&#8220; use_border_color=&#8220;off&#8220; border_color=&#8220;#ffffff&#8220; border_style=&#8220;solid&#8220; global_colors_info=&#8220;{}&#8220;]<\/p>\n<h3>Wie schreibe ich mich bei der APEG ein?<\/h3>\n<h4>Die Grundschule &#8218;Ecole El\u00e9mentaire Sartoux &#8211; Valbonne&#8216;<\/h4>\n<p>Ihr Kind ist in der deutschen Abteilung der Grundschule Sartoux eingeschrieben.<\/p>\n<p>Wie wir Sie bereits bei der Anmeldung informiert haben, ist die Mitgliedschaft bei der APEG, dem Elternverein der deutschen Abteilung, aus versicherungstechnischen Gr\u00fcnden sowie um die Interessen der Eltern der deutschen Abteilung besser vertreten zu k\u00f6nnen, zwingend erforderlich.<\/p>\n<p><strong>Wie hoch ist der Beitrag?<\/strong><\/p>\n<p>Die APEG \u201eAssociation des Parents d\u2019El\u00e8ves de section internationale Germanophone de Valbonne\u201c ist ein gemeinn\u00fctziger Verein gem\u00e4\u00df franz\u00f6sischem Gesetz (Juli 1901). Die H\u00f6he des Mitgliedsbeitrages wird j\u00e4hrlich im Rahmen der Generalversammlung der APEG im November festgelegt, zu der alle Mitglieder eingeladen sind.<\/p>\n<p>Der APEG Mitgliedsbeitrag pro Familie betr\u00e4gt im Moment 40\u20ac pro Jahr und wird von denjenigen<\/p>\n<ul>\n<li><em>Familien, deren Kinder ausschlie\u00dflich in der Grundschule Sartoux eingeschrieben sind, per SEPA Lastschrift im September abgebucht<br \/><\/em><\/li>\n<li><em>Familien, deren Kinder auch am CIV eingeschrieben sind, entsprechend Ihres gew\u00e4hlten Zahlungsmodus per SEPA Lastschrift abgebucht (Sie erhalten eine Rechnung inklusive des APEG Beitrages).<br \/><\/em><\/li>\n<\/ul>\n<p><em><strong>Wof\u00fcr wird mein APEG Beitrag verwendet?<\/strong><\/em><\/p>\n<p>Von Ihrem Mitgliedsbeitrag werden unter anderem die Versicherungsbeitr\u00e4ge f\u00fcr Veranstaltungen finanziert, Raumkosten, Unterst\u00fctzung durch die \u00f6rtliche Feuerwehr beim Laternenfest etc. Sie profitieren von gemeinschaftlich organisierten und finanzierten Veranstaltungen, wie zum Beispiel dem Laternenfest, der Adventsfeier oder dem deutsch-franz\u00f6sischen Tag. Des Weiteren erh\u00e4lt jede Familie, soweit es das Budget zul\u00e4sst, ein Exemplar des Jahrbuchs der deutschen Abteilung.<\/p>\n<p><strong>Was ist der Beitrag zur Deutschklassenkasse?<\/strong><\/p>\n<p>Der Deutschklassenbeitrag ist unabh\u00e4ngig vom APEG Beitrag und deckt die Kosten f\u00fcr das Arbeitsheft, das Klassenfoto und die Lekt\u00fcre in der Deutschklasse sowie ein kleines Budget f\u00fcr B\u00fccher, Spiele und Bastelmaterial.<br \/>Als Richtlinie gilt 40 \u20ac pro Kind (f\u00fcr jedes weitere Geschwisterkind 35 \u20ac). Schecks m\u00fcssen zu Gunsten der \u201eOCCE Coop. Scol. Allemagne Ec. El\u00e9m. Sartoux\u201c ausgestellt werden.<\/p>\n<p>[\/et_pb_text][et_pb_text _builder_version=&#8220;4.23.1&#8243; background_size=&#8220;initial&#8220; background_position=&#8220;top_left&#8220; background_repeat=&#8220;repeat&#8220; use_border_color=&#8220;off&#8220; global_colors_info=&#8220;{}&#8220;]<\/p>\n<h4>Coll\u00e8ge &amp; Lyc\u00e9e (Mittel- &amp; Oberstufe) im Centre International de Valbonne (CIV)<\/h4>\n<p>Ihre Tochter, Ihr Sohn soll im Centre International de Valbonne in der deutschen Abteilung eingeschrieben werden.<\/p>\n<p>Die APEG \u201eAssociation des Parents d\u2019El\u00e8ves Germanophones\u201c ist ein nicht gewinnbringender Verein gem\u00e4\u00df des im Juli 1901 etablierten Gesetzes. Die Eltern, die ihr(e) Kind(er) f\u00fcr das Schulprogramm der APEG einschreiben, werden gleichzeitig Mitglied des Vereins und verpflichten sich verbindlich und unwiderruflich die anfallenden Geb\u00fchren f\u00fcr die Dauer des Schulbesuchs im CIV zu entrichten. Das CIV bietet ausschlie\u00dflich Unterricht von verschiedenen internationalen Abteilungen an, der Wechsel zwischen den Abteilungen ist nicht gestattet.<\/p>\n<p>Die erforderlichen Beitr\u00e4ge setzen sich wie folgt zusammen :<br \/>\n<table id=\"tablepress-3\" class=\"tablepress tablepress-id-3\">\n<thead>\n<tr class=\"row-1\">\n\t<td class=\"column-1\"><\/td><th class=\"column-2\">1. Semester<\/th><th class=\"column-3\">2. Semester<\/th><th class=\"column-4\">Schuljahr 2023\/24<\/th>\n<\/tr>\n<\/thead>\n<tbody class=\"row-striping row-hover\">\n<tr class=\"row-2\">\n\t<td class=\"column-1\">J\u00e4hrlicher Mitgliedsbeitrag pro Familie<\/td><td class=\"column-2\">40,00 \u20ac<\/td><td class=\"column-3\"><\/td><td class=\"column-4\">40,00 \u20ac<\/td>\n<\/tr>\n<tr class=\"row-3\">\n\t<td class=\"column-1\">Einschreibegeb\u00fchr im CIV pro Sch\u00fcler<\/td><td class=\"column-2\">50,00 \u20ac<\/td><td class=\"column-3\"><\/td><td class=\"column-4\">50,00 \u20ac<\/td>\n<\/tr>\n<tr class=\"row-4\">\n\t<td class=\"column-1\">Schulgeld am CIV pro Kind (2023\/24)<\/td><td class=\"column-2\">550,00 \u20ac<\/td><td class=\"column-3\">710,00 \u20ac<\/td><td class=\"column-4\">1260,00 \u20ac<\/td>\n<\/tr>\n<\/tbody>\n<tfoot>\n<tr class=\"row-5\">\n\t<th class=\"column-1\">GESAMT<\/th><th class=\"column-2\">640.00 \u20ac<\/th><th class=\"column-3\">710,00 \u20ac<\/th><th class=\"column-4\">1350,00 \u20ac<\/th>\n<\/tr>\n<\/tfoot>\n<\/table>\n<!-- #tablepress-3 from cache --><\/p>\n<p>Das Schulgeld des 1. Semesters wird im Oktober des jeweiligen Schuljahres, das 2. Semester im Februar f\u00e4llig.<br \/>Bei versp\u00e4teter Zahlung wird ein Zuschlag von 15,- \u20ac erhoben. Anfallende Inkassogeb\u00fchren gehen zu Lasten des Schuldners.<br \/><span style=\"color: #808080;\"><em>(Auch wir sind Eltern und uns bewusst, dass einmal finanzielle Schwierigkeiten auftreten k\u00f6nnen. In diesem Fall wenden Sie sich vertraulich an unseren Kassenwart, um eine L\u00f6sung zu finden.)<\/em><\/span><br \/>Die H\u00f6he des Mitgliedsbeitrages wird j\u00e4hrlich im Rahmen der Hauptversammlung im November festgelegt.<br \/>Es k\u00f6nnen weitere Beitr\u00e4ge festgelegt werden, die durch besondere Ereignisse oder Veranstaltungen erforderlich werden (Kinobesuche, Theaterkurse, Reisen und Austauschprogramme etc., im Wesentlichen in Verbindung mit dem Ausbau der Sprachkenntnisse der Abteilung).<\/p>\n<p><strong>Nachlass auf den Jahresbeitrag bei Einschreibung im laufenden Schuljahr:<\/strong><br \/>Einschreibung nach den Allerheiligenferien: -15%<br \/>Einschreibung nach den Weihnachtsferien: -30%<br \/>Einschreibung nach den Winterferien: -50%<br \/>Einschreibung nach den Fr\u00fchlingsferien: -65%<\/p>\n<p><strong>Austritt im laufenden Schuljahr\/Krankheit<\/strong><br \/>Jedes angefange Semester wird vollst\u00e4ndig geschuldet und kann nicht mehr erstattet werden. Das zweite Semester beginnt am 15. Januar.<br \/>Im Falle einer mehr als 6 w\u00f6chigen Krankheit und Vorlage eines \u00e4rztlichen Attests wird das Schulgeld nicht f\u00e4llig. Zu Beginn des Semesters bezahlte Schulgeb\u00fchren k\u00f6nnen auf Antrag anteilig zur\u00fcckerstattet werden.<\/p>\n<p><a href=\"https:\/\/www.apeg.eu\/wp-content\/uploads\/2018\/05\/2018_19_Inscription-APEG.pdf\" target=\"_blank\" rel=\"noopener\"><strong><\/strong><\/a><a href=\"https:\/\/www.apeg.eu\/wp-content\/uploads\/2018\/06\/2018_19_Inscription_APEG_Sartoux.pdf\" target=\"_blank\" rel=\"noopener\"><strong><\/strong><\/a><\/p>\n<p>[\/et_pb_text][\/et_pb_column][\/et_pb_row][\/et_pb_section][et_pb_section fb_built=&#8220;1&#8243; fullwidth=&#8220;on&#8220; disabled_on=&#8220;on|on|on&#8220; _builder_version=&#8220;4.16&#8243; disabled=&#8220;on&#8220; global_colors_info=&#8220;{}&#8220;][et_pb_fullwidth_header title=&#8220;Letzte Neuigkeiten&#8220; subhead=&#8220;Anzeigen, Lehrplan, Festivit\u00e4ten, Kurse, Aktivit\u00e4ten &#038; diverse Infos&#8220; text_orientation=&#8220;center&#8220; header_scroll_down=&#8220;on&#8220; content_max_width=&#8220;none&#8220; _builder_version=&#8220;4.16&#8243; button_one_letter_spacing_hover=&#8220;0&#8243; button_two_letter_spacing_hover=&#8220;0&#8243; global_colors_info=&#8220;{}&#8220; button_one_text_size__hover_enabled=&#8220;off&#8220; button_two_text_size__hover_enabled=&#8220;off&#8220; button_one_text_color__hover_enabled=&#8220;off&#8220; button_two_text_color__hover_enabled=&#8220;off&#8220; button_one_border_width__hover_enabled=&#8220;off&#8220; button_two_border_width__hover_enabled=&#8220;off&#8220; button_one_border_color__hover_enabled=&#8220;off&#8220; button_two_border_color__hover_enabled=&#8220;off&#8220; button_one_border_radius__hover_enabled=&#8220;off&#8220; button_two_border_radius__hover_enabled=&#8220;off&#8220; button_one_letter_spacing__hover_enabled=&#8220;on&#8220; button_one_letter_spacing__hover=&#8220;0&#8243; button_two_letter_spacing__hover_enabled=&#8220;on&#8220; button_two_letter_spacing__hover=&#8220;0&#8243; button_one_bg_color__hover_enabled=&#8220;off&#8220; button_two_bg_color__hover_enabled=&#8220;off&#8220;]&nbsp;<br \/>\n[\/et_pb_fullwidth_header][\/et_pb_section][et_pb_section fb_built=&#8220;1&#8243; custom_padding_last_edited=&#8220;on|desktop&#8220; disabled_on=&#8220;on|on|on&#8220; _builder_version=&#8220;4.16&#8243; background_color=&#8220;#faaf1f&#8220; custom_padding_tablet=&#8220;50px|0|50px|0&#8243; custom_padding_phone=&#8220;&#8220; transparent_background=&#8220;off&#8220; padding_mobile=&#8220;off&#8220; make_fullwidth=&#8220;off&#8220; use_custom_width=&#8220;off&#8220; width_unit=&#8220;on&#8220; disabled=&#8220;on&#8220; global_colors_info=&#8220;{}&#8220;][et_pb_row _builder_version=&#8220;4.16&#8243; background_size=&#8220;initial&#8220; background_position=&#8220;top_left&#8220; background_repeat=&#8220;repeat&#8220; global_colors_info=&#8220;{}&#8220;][et_pb_column type=&#8220;4_4&#8243; _builder_version=&#8220;4.16&#8243; custom_padding=&#8220;|||&#8220; global_colors_info=&#8220;{}&#8220; custom_padding__hover=&#8220;|||&#8220;][et_pb_blog fullwidth=&#8220;off&#8220; posts_number=&#8220;6&#8243; include_categories=&#8220;5,9,7,8&#8243; show_author=&#8220;off&#8220; masonry_tile_background_color=&#8220;#ffffff&#8220; _builder_version=&#8220;4.16&#8243; header_font=&#8220;|on|||&#8220; header_text_color=&#8220;#333333&#8243; body_text_color=&#8220;#333333&#8243; meta_text_color=&#8220;#333333&#8243; box_shadow_style=&#8220;preset1&#8243; box_shadow_vertical=&#8220;1px&#8220; box_shadow_blur=&#8220;5px&#8220; box_shadow_color=&#8220;rgba(0,0,0,.1)&#8220; use_border_color=&#8220;off&#8220; border_color=&#8220;#ffffff&#8220; border_style=&#8220;solid&#8220; use_dropshadow=&#8220;on&#8220; global_colors_info=&#8220;{}&#8220;]&nbsp;<br \/>\n[\/et_pb_blog][\/et_pb_column][\/et_pb_row][\/et_pb_section][et_pb_section fb_built=&#8220;1&#8243; custom_padding_last_edited=&#8220;on|desktop&#8220; _builder_version=&#8220;4.16&#8243; background_color=&#8220;#ffffff&#8220; background_image=&#8220;https:\/\/www.apeg.eu\/wp-content\/uploads\/2016\/07\/apeg-fond-1.jpg&#8220; custom_padding_tablet=&#8220;50px|0|50px|0&#8243; custom_padding_phone=&#8220;&#8220; transparent_background=&#8220;off&#8220; padding_mobile=&#8220;off&#8220; make_fullwidth=&#8220;off&#8220; use_custom_width=&#8220;off&#8220; width_unit=&#8220;on&#8220; global_colors_info=&#8220;{}&#8220;][et_pb_row _builder_version=&#8220;4.16&#8243; background_size=&#8220;initial&#8220; background_position=&#8220;top_left&#8220; background_repeat=&#8220;repeat&#8220; global_colors_info=&#8220;{}&#8220;][et_pb_column type=&#8220;4_4&#8243; _builder_version=&#8220;4.16&#8243; custom_padding=&#8220;|||&#8220; global_colors_info=&#8220;{}&#8220; custom_padding__hover=&#8220;|||&#8220;][et_pb_cta title=&#8220;Bei etwaigen Fragen, einfach melden!&#8220; button_url=&#8220;https:\/\/www.apeg.eu\/de\/kontakt\/&#8220; button_text=&#8220;Kontaktieren Sie uns!&#8220; _builder_version=&#8220;4.16&#8243; use_background_color=&#8220;off&#8220; background_size=&#8220;initial&#8220; background_position=&#8220;top_left&#8220; background_repeat=&#8220;repeat&#8220; background_layout=&#8220;light&#8220; use_border_color=&#8220;off&#8220; border_color=&#8220;#ffffff&#8220; border_style=&#8220;solid&#8220; button_letter_spacing_hover=&#8220;0&#8243; global_colors_info=&#8220;{}&#8220; button_text_size__hover_enabled=&#8220;off&#8220; button_one_text_size__hover_enabled=&#8220;off&#8220; button_two_text_size__hover_enabled=&#8220;off&#8220; button_text_color__hover_enabled=&#8220;off&#8220; button_one_text_color__hover_enabled=&#8220;off&#8220; button_two_text_color__hover_enabled=&#8220;off&#8220; button_border_width__hover_enabled=&#8220;off&#8220; button_one_border_width__hover_enabled=&#8220;off&#8220; button_two_border_width__hover_enabled=&#8220;off&#8220; button_border_color__hover_enabled=&#8220;off&#8220; button_one_border_color__hover_enabled=&#8220;off&#8220; button_two_border_color__hover_enabled=&#8220;off&#8220; button_border_radius__hover_enabled=&#8220;off&#8220; button_one_border_radius__hover_enabled=&#8220;off&#8220; button_two_border_radius__hover_enabled=&#8220;off&#8220; button_letter_spacing__hover_enabled=&#8220;on&#8220; button_letter_spacing__hover=&#8220;0&#8243; button_one_letter_spacing__hover_enabled=&#8220;off&#8220; button_two_letter_spacing__hover_enabled=&#8220;off&#8220; button_bg_color__hover_enabled=&#8220;off&#8220; button_one_bg_color__hover_enabled=&#8220;off&#8220; button_two_bg_color__hover_enabled=&#8220;off&#8220;]&nbsp;<br \/>\n[\/et_pb_cta][\/et_pb_column][\/et_pb_row][\/et_pb_section]<\/p>\n","protected":false},"excerpt":{"rendered":"<p>Grundschule, Mittel- und Oberstufe Wie schreibe ich mich bei der APEG ein? Die Grundschule &#8218;Ecole El\u00e9mentaire Sartoux &#8211; Valbonne&#8216; Ihr Kind ist in der deutschen Abteilung der Grundschule Sartoux eingeschrieben. Wie wir Sie bereits bei der Anmeldung informiert haben, ist die Mitgliedschaft bei der APEG, dem Elternverein der deutschen Abteilung, aus versicherungstechnischen Gr\u00fcnden sowie um [&hellip;]<\/p>\n","protected":false},"author":1,"featured_media":0,"parent":0,"menu_order":0,"comment_status":"closed","ping_status":"closed","template":"","meta":{"_et_pb_use_builder":"on","_et_pb_old_content":"","_et_gb_content_width":"","footnotes":""},"class_list":["post-686","page","type-page","status-publish","hentry"],"_links":{"self":[{"href":"https:\/\/www.apeg.eu\/de\/wp-json\/wp\/v2\/pages\/686","targetHints":{"allow":["GET"]}}],"collection":[{"href":"https:\/\/www.apeg.eu\/de\/wp-json\/wp\/v2\/pages"}],"about":[{"href":"https:\/\/www.apeg.eu\/de\/wp-json\/wp\/v2\/types\/page"}],"author":[{"embeddable":true,"href":"https:\/\/www.apeg.eu\/de\/wp-json\/wp\/v2\/users\/1"}],"replies":[{"embeddable":true,"href":"https:\/\/www.apeg.eu\/de\/wp-json\/wp\/v2\/comments?post=686"}],"version-history":[{"count":20,"href":"https:\/\/www.apeg.eu\/de\/wp-json\/wp\/v2\/pages\/686\/revisions"}],"predecessor-version":[{"id":2773,"href":"https:\/\/www.apeg.eu\/de\/wp-json\/wp\/v2\/pages\/686\/revisions\/2773"}],"wp:attachment":[{"href":"https:\/\/www.apeg.eu\/de\/wp-json\/wp\/v2\/media?parent=686"}],"curies":[{"name":"wp","href":"https:\/\/api.w.org\/{rel}","templated":true}]}}