{"id":664,"date":"2016-10-07T19:01:21","date_gmt":"2016-10-07T17:01:21","guid":{"rendered":"http:\/\/www.apeg.eu\/de\/?page_id=664"},"modified":"2016-10-07T19:02:43","modified_gmt":"2016-10-07T17:02:43","slug":"anfahrtsplan","status":"publish","type":"page","link":"https:\/\/www.apeg.eu\/de\/anfahrtsplan\/","title":{"rendered":"Anfahrtsplan"},"content":{"rendered":"<p>[et_pb_section admin_label=&#8220;Section&#8220; fullwidth=&#8220;on&#8220; specialty=&#8220;off&#8220; transparent_background=&#8220;off&#8220; background_color=&#8220;#ffffff&#8220; allow_player_pause=&#8220;off&#8220; inner_shadow=&#8220;off&#8220; parallax=&#8220;off&#8220; parallax_method=&#8220;off&#8220; padding_mobile=&#8220;off&#8220; make_fullwidth=&#8220;off&#8220; use_custom_width=&#8220;off&#8220; width_unit=&#8220;on&#8220; make_equal=&#8220;off&#8220; use_custom_gutter=&#8220;off&#8220;][et_pb_fullwidth_slider admin_label=&#8220;Curseur de d\u00e9filement plein \u00e9cran&#8220; show_arrows=&#8220;on&#8220; show_pagination=&#8220;on&#8220; auto=&#8220;off&#8220; auto_ignore_hover=&#8220;off&#8220; parallax=&#8220;off&#8220; parallax_method=&#8220;off&#8220; remove_inner_shadow=&#8220;off&#8220; background_position=&#8220;default&#8220; background_size=&#8220;default&#8220; hide_content_on_mobile=&#8220;off&#8220; hide_cta_on_mobile=&#8220;off&#8220; show_image_video_mobile=&#8220;off&#8220; custom_button=&#8220;off&#8220; button_letter_spacing=&#8220;0&#8243; button_use_icon=&#8220;default&#8220; button_icon_placement=&#8220;right&#8220; button_on_hover=&#8220;on&#8220; button_letter_spacing_hover=&#8220;0&#8243;] [et_pb_slide heading=&#8220;Anfahrtsplan&#8220; background_position=&#8220;default&#8220; background_size=&#8220;default&#8220; background_color=&#8220;#ffffff&#8220; use_bg_overlay=&#8220;off&#8220; use_text_overlay=&#8220;off&#8220; alignment=&#8220;center&#8220; background_layout=&#8220;light&#8220; allow_player_pause=&#8220;off&#8220; text_border_radius=&#8220;3&#8243; header_font_select=&#8220;default&#8220; header_font=&#8220;||||&#8220; body_font_select=&#8220;default&#8220; body_font=&#8220;||||&#8220; custom_button=&#8220;off&#8220; button_font_select=&#8220;default&#8220; button_font=&#8220;||||&#8220; button_use_icon=&#8220;default&#8220; button_icon_placement=&#8220;right&#8220; button_on_hover=&#8220;on&#8220; background_image=&#8220;http:\/\/www.apeg.eu\/wp-content\/uploads\/2016\/07\/apeg-fond-1.jpg&#8220;]<\/p>\n<p>Hier finden Sie uns!<\/p>\n<p>[\/et_pb_slide] [\/et_pb_fullwidth_slider][\/et_pb_section][et_pb_section admin_label=&#8220;Section&#8220; fullwidth=&#8220;on&#8220; specialty=&#8220;off&#8220;][et_pb_fullwidth_map admin_label=&#8220;Carte plein \u00e9cran&#8220; mouse_wheel=&#8220;on&#8220; mobile_dragging=&#8220;on&#8220; address=&#8220;Rue de la Vigne Haute, 06560 Valbonne, France&#8220; zoom_level=&#8220;15&#8243; address_lat=&#8220;43.617916751135&#8243; address_lng=&#8220;7.043366434009792&#8243;] [et_pb_map_pin title=&#8220;\u00c9cole \u00c9l\u00e9mentaires de Sartoux&#8220; pin_address=&#8220;2 Prom. de la Bouillide, 06560 Valbonne, France&#8220; pin_address_lat=&#8220;43.62142549628062&#8243; pin_address_lng=&#8220;7.0439620956314&#8243;]<\/p>\n<p>2 Promenade de la Bouillide &#8211; 06560 Valbonnee<\/p>\n<p>[\/et_pb_map_pin][et_pb_map_pin title=&#8220;CIV &#8211; Centre Internationale de Valbonne&#8220; pin_address=&#8220;190 Rue Fr\u00e9d\u00e9ric Mistral, 06560 Valbonne, France&#8220; pin_address_lat=&#8220;43.621508434455514&#8243; pin_address_lng=&#8220;7.041404694686889&#8243;]<\/p>\n<p>CIV &#8211; 190 Rue Frederic Mistral &#8211; 06560 Valbonne<\/p>\n<p>[\/et_pb_map_pin] [\/et_pb_fullwidth_map][\/et_pb_section]<\/p>\n","protected":false},"excerpt":{"rendered":"<p>Hier finden Sie uns! 2 Promenade de la Bouillide &#8211; 06560 Valbonnee CIV &#8211; 190 Rue Frederic Mistral &#8211; 06560 Valbonne<\/p>\n","protected":false},"author":2,"featured_media":0,"parent":0,"menu_order":0,"comment_status":"closed","ping_status":"closed","template":"","meta":{"_et_pb_use_builder":"on","_et_pb_old_content":"","_et_gb_content_width":"","footnotes":""},"class_list":["post-664","page","type-page","status-publish","hentry"],"_links":{"self":[{"href":"https:\/\/www.apeg.eu\/de\/wp-json\/wp\/v2\/pages\/664","targetHints":{"allow":["GET"]}}],"collection":[{"href":"https:\/\/www.apeg.eu\/de\/wp-json\/wp\/v2\/pages"}],"about":[{"href":"https:\/\/www.apeg.eu\/de\/wp-json\/wp\/v2\/types\/page"}],"author":[{"embeddable":true,"href":"https:\/\/www.apeg.eu\/de\/wp-json\/wp\/v2\/users\/2"}],"replies":[{"embeddable":true,"href":"https:\/\/www.apeg.eu\/de\/wp-json\/wp\/v2\/comments?post=664"}],"version-history":[{"count":2,"href":"https:\/\/www.apeg.eu\/de\/wp-json\/wp\/v2\/pages\/664\/revisions"}],"predecessor-version":[{"id":666,"href":"https:\/\/www.apeg.eu\/de\/wp-json\/wp\/v2\/pages\/664\/revisions\/666"}],"wp:attachment":[{"href":"https:\/\/www.apeg.eu\/de\/wp-json\/wp\/v2\/media?parent=664"}],"curies":[{"name":"wp","href":"https:\/\/api.w.org\/{rel}","templated":true}]}}